{"id":12,"date":"2026-05-17T10:09:53","date_gmt":"2026-05-17T10:09:53","guid":{"rendered":"https:\/\/reijonkuvasivut.com\/?page_id=12"},"modified":"2026-05-17T10:09:53","modified_gmt":"2026-05-17T10:09:53","slug":"valokuvien-tekijanoikeudet","status":"publish","type":"page","link":"https:\/\/reijonkuvasivut.com\/index.php\/valokuvien-tekijanoikeudet\/","title":{"rendered":"Valokuvien tekij\u00e4noikeudet"},"content":{"rendered":"<div class=\"flex max-w-full flex-col gap-4 grow\">\n<div class=\"min-h-8 text-message relative flex w-full flex-col items-end gap-2 text-start break-words whitespace-normal outline-none keyboard-focused:focus-ring [.text-message+&amp;]:mt-1\" dir=\"auto\" tabindex=\"0\" data-message-author-role=\"assistant\" data-message-id=\"1acec24c-ca82-4c24-bdcf-f86e0f87b4db\" data-message-model-slug=\"gpt-5-5-thinking\" data-turn-start-message=\"true\">\n<div class=\"flex w-full flex-col gap-1 empty:hidden\">\n<div class=\"markdown prose dark:prose-invert wrap-break-word w-full light markdown-new-styling\">\n<p data-start=\"0\" data-end=\"58\"><strong data-start=\"0\" data-end=\"58\">Faktatietoa internetist\u00e4 l\u00f6ytyvien valokuvien k\u00e4yt\u00f6st\u00e4<\/strong><\/p>\n<p data-start=\"60\" data-end=\"312\">Valokuvat ovat Suomessa tekij\u00e4noikeudellisesti suojattuja, vaikka kyseess\u00e4 olisi tavanomainen valokuva eik\u00e4 taiteelliseksi teokseksi katsottava valokuva. Valokuvaa voi suojata joko varsinainen tekij\u00e4noikeussuoja tai valokuvan erityinen l\u00e4hioikeussuoja.<\/p>\n<p data-start=\"314\" data-end=\"449\">Valokuva saa suojaa my\u00f6s silloin, kun kuvan yhteydess\u00e4 ei ole \u00a9-merkint\u00e4\u00e4, kuvaajan nime\u00e4, leimaa tai tietoa kuvan ottamisajankohdasta.<\/p>\n<p data-start=\"451\" data-end=\"797\">Internetiss\u00e4 laillisesti yleis\u00f6n saataville saatettua valokuvaa saa kopioida yksityiseen k\u00e4ytt\u00f6\u00f6n. Yksityinen k\u00e4ytt\u00f6 tarkoittaa esimerkiksi muutaman kopion tekemist\u00e4 omaan k\u00e4ytt\u00f6\u00f6n tai kuvan n\u00e4ytt\u00e4mist\u00e4 perheelle ja l\u00e4heisille yst\u00e4ville. Yksityist\u00e4 k\u00e4ytt\u00f6\u00e4 ei ole kuvan laajempi levitt\u00e4minen tai useiden kopioiden tekeminen suuremmalle yleis\u00f6lle.<\/p>\n<p data-start=\"799\" data-end=\"1023\">Valokuvaa ei saa kopioida edes yksityiseen k\u00e4ytt\u00f6\u00f6n, jos l\u00e4hde on laiton. Laittomasta l\u00e4hteest\u00e4 on kyse esimerkiksi silloin, kun kuva on julkaistu ilman oikeudenhaltijan lupaa tai tekninen suojaus on purettu lainvastaisesti.<\/p>\n<p data-start=\"1025\" data-end=\"1361\">Valokuvan k\u00e4ytt\u00e4minen elinkeino- tai ansiotoiminnassa edellytt\u00e4\u00e4 l\u00e4ht\u00f6kohtaisesti oikeudenhaltijan lupaa. T\u00e4llaisia k\u00e4ytt\u00f6tapoja ovat esimerkiksi kuvan k\u00e4ytt\u00f6 yrityksen verkkosivuilla, mainonnassa, lehdess\u00e4 tai muussa markkinoinnissa. Kuvan julkaiseminen internetiss\u00e4 yrityksen k\u00e4ytt\u00f6\u00f6n ei tee k\u00e4yt\u00f6st\u00e4 vapaata tai v\u00e4hemm\u00e4n moitittavaa.<\/p>\n<p data-start=\"1363\" data-end=\"1538\">Valokuvaajan taloudellisiin oikeuksiin kuuluu oikeus valmistaa kuvasta kappaleita ja saattaa kuva yleis\u00f6n saataville. Ilman lupaa tapahtuva k\u00e4ytt\u00f6 voi loukata n\u00e4it\u00e4 oikeuksia.<\/p>\n<p data-start=\"1540\" data-end=\"1908\">Jos valokuva ylitt\u00e4\u00e4 teoskynnyksen eli on riitt\u00e4v\u00e4n itsen\u00e4inen ja omaper\u00e4inen, sen tekij\u00e4noikeussuoja kest\u00e4\u00e4 yleens\u00e4 70 vuotta tekij\u00e4n kuolinvuoden p\u00e4\u00e4ttymisest\u00e4. Jos tekij\u00e4 on tuntematon, suoja-aika voi m\u00e4\u00e4r\u00e4yty\u00e4 esimerkiksi teoksen julkaisun tai luomisen perusteella. Tavallisen valokuvan l\u00e4hioikeussuoja kest\u00e4\u00e4 v\u00e4hint\u00e4\u00e4n 50 vuotta kuvan ottamisvuoden p\u00e4\u00e4ttymisest\u00e4.<\/p>\n<p data-start=\"1910\" data-end=\"2051\">Valokuvan k\u00e4ytt\u00f6oikeuksia voidaan luovuttaa sopimuksella. Oikeudenhaltija voi esimerkiksi antaa luvan kuvan k\u00e4ytt\u00f6\u00f6n tietyss\u00e4 tarkoituksessa.<\/p>\n<p data-start=\"2053\" data-end=\"2450\">Creative Commons -lisensoidut kuvat voivat olla vaihtoehto silloin, kun kuvan oikeudenhaltijaa ei tavoiteta tai lupaa ei ole saatu. CC-lisenssi voi sallia kuvan kopioimisen, julkaisemisen, levitt\u00e4misen ja k\u00e4ytt\u00e4misen lisenssiehtojen mukaisesti. CC-kuvien k\u00e4yt\u00f6ss\u00e4 on kuitenkin noudatettava kyseisen lisenssin ehtoja, kuten mahdollista tekij\u00e4n nimen mainitsemista tai kaupallisen k\u00e4yt\u00f6n rajoitusta.<\/p>\n<p data-start=\"2452\" data-end=\"2715\">Tekij\u00e4noikeuden loukkaus voi johtaa rikosoikeudellisiin seuraamuksiin. Vakavampi teko voi olla tekij\u00e4noikeusrikos, josta voidaan tuomita sakkoa tai enint\u00e4\u00e4n kaksi vuotta vankeutta. Lievempi teko voi olla tekij\u00e4noikeusrikkomus, josta seuraamuksena voi olla sakkoa.<\/p>\n<p data-start=\"2717\" data-end=\"2917\">Tekij\u00e4noikeuden loukkauksesta voi seurata my\u00f6s vahingonkorvausvelvollisuus. Korvauksen m\u00e4\u00e4r\u00e4\u00e4n vaikuttavat muun muassa k\u00e4yt\u00f6n laajuus, aiheutunut vahinko ja kohtuullinen hyvitys luvattomasta k\u00e4yt\u00f6st\u00e4.<\/p>\n<p data-start=\"2919\" data-end=\"3089\" data-is-last-node=\"\" data-is-only-node=\"\">Tekij\u00e4noikeusrikoksen syyte edellytt\u00e4\u00e4 yleens\u00e4, ett\u00e4 asianomistaja ilmoittaa rikoksen syytteeseen pantavaksi, ellei eritt\u00e4in t\u00e4rke\u00e4 yleinen etu vaadi syytteen nostamista.<\/p>\n<\/div>\n<\/div>\n<\/div>\n<\/div>\n<div class=\"z-0 flex min-h-[46px] justify-start\"><\/div>\n","protected":false},"excerpt":{"rendered":"<p>Faktatietoa internetist\u00e4 l\u00f6ytyvien valokuvien k\u00e4yt\u00f6st\u00e4 Valokuvat ovat Suomessa tekij\u00e4noikeudellisesti suojattuja, vaikka kyseess\u00e4 olisi tavanomainen valokuva eik\u00e4 taiteelliseksi teokseksi katsottava valokuva. Valokuvaa voi suojata joko varsinainen tekij\u00e4noikeussuoja tai valokuvan erityinen l\u00e4hioikeussuoja. Valokuva saa suojaa my\u00f6s silloin, kun kuvan yhteydess\u00e4 ei ole \u00a9-merkint\u00e4\u00e4, kuvaajan nime\u00e4, leimaa tai tietoa kuvan ottamisajankohdasta. Internetiss\u00e4 laillisesti yleis\u00f6n saataville saatettua valokuvaa saa<\/p><\/div>\n<div class=\"blog-btn\"><a href=\"https:\/\/reijonkuvasivut.com\/index.php\/valokuvien-tekijanoikeudet\/\" class=\"home-blog-btn\">Lue lis\u00e4\u00e4<\/a><\/p>\n","protected":false},"author":1,"featured_media":0,"parent":0,"menu_order":0,"comment_status":"closed","ping_status":"closed","template":"","meta":{"footnotes":""},"class_list":["post-12","page","type-page","status-publish","hentry"],"_links":{"self":[{"href":"https:\/\/reijonkuvasivut.com\/index.php\/wp-json\/wp\/v2\/pages\/12","targetHints":{"allow":["GET"]}}],"collection":[{"href":"https:\/\/reijonkuvasivut.com\/index.php\/wp-json\/wp\/v2\/pages"}],"about":[{"href":"https:\/\/reijonkuvasivut.com\/index.php\/wp-json\/wp\/v2\/types\/page"}],"author":[{"embeddable":true,"href":"https:\/\/reijonkuvasivut.com\/index.php\/wp-json\/wp\/v2\/users\/1"}],"replies":[{"embeddable":true,"href":"https:\/\/reijonkuvasivut.com\/index.php\/wp-json\/wp\/v2\/comments?post=12"}],"version-history":[{"count":1,"href":"https:\/\/reijonkuvasivut.com\/index.php\/wp-json\/wp\/v2\/pages\/12\/revisions"}],"predecessor-version":[{"id":13,"href":"https:\/\/reijonkuvasivut.com\/index.php\/wp-json\/wp\/v2\/pages\/12\/revisions\/13"}],"wp:attachment":[{"href":"https:\/\/reijonkuvasivut.com\/index.php\/wp-json\/wp\/v2\/media?parent=12"}],"curies":[{"name":"wp","href":"https:\/\/api.w.org\/{rel}","templated":true}]}}